{"id":170,"date":"2025-07-09T19:17:37","date_gmt":"2025-07-09T14:17:37","guid":{"rendered":"https:\/\/pruebas.avolarporelmundo.co\/?post_type=product&#038;p=170"},"modified":"2025-07-17T21:48:56","modified_gmt":"2025-07-17T16:48:56","slug":"producto-de-prueba","status":"publish","type":"product","link":"https:\/\/pruebas.avolarporelmundo.co\/?product=producto-de-prueba","title":{"rendered":"Iphone 14 PRO Max"},"content":{"rendered":"<p>El iPhone 14 Pro Max te permite captar detalles incre\u00edbles gracias a su c\u00e1mara gran angular de 48 MP. Adem\u00e1s, trae la Dynamic Island y una pantalla siempre activa, para que puedas interactuar con tu iPhone de una forma completamente nueva. Y viene con Detecci\u00f3n de Choques, una funcionalidad de seguridad que pide ayuda cuando no est\u00e1s en condiciones de hacerlo.<\/p>\n","protected":false},"excerpt":{"rendered":"<p>El iPhone 14 Pro Max te permite captar detalles incre\u00edbles gracias a su c\u00e1mara gran angular de 48 MP. Adem\u00e1s, trae la Dynamic Island y una pantalla siempre activa, para que puedas interactuar con tu iPhone de una forma completamente nueva. Y viene con Detecci\u00f3n de Choques, una funcionalidad de seguridad que pide ayuda cuando no est\u00e1s en condiciones de hacerlo.<\/p>\n","protected":false},"featured_media":171,"comment_status":"open","ping_status":"closed","template":"","meta":[],"product_brand":[],"product_cat":[15],"product_tag":[],"class_list":{"0":"post-170","1":"product","2":"type-product","3":"status-publish","4":"has-post-thumbnail","6":"product_cat-uncategorized","8":"first","9":"instock","10":"shipping-taxable","11":"purchasable","12":"product-type-variable"},"jetpack_sharing_enabled":true,"_links":{"self":[{"href":"https:\/\/pruebas.avolarporelmundo.co\/index.php?rest_route=\/wp\/v2\/product\/170","targetHints":{"allow":["GET"]}}],"collection":[{"href":"https:\/\/pruebas.avolarporelmundo.co\/index.php?rest_route=\/wp\/v2\/product"}],"about":[{"href":"https:\/\/pruebas.avolarporelmundo.co\/index.php?rest_route=\/wp\/v2\/types\/product"}],"replies":[{"embeddable":true,"href":"https:\/\/pruebas.avolarporelmundo.co\/index.php?rest_route=%2Fwp%2Fv2%2Fcomments&post=170"}],"wp:featuredmedia":[{"embeddable":true,"href":"https:\/\/pruebas.avolarporelmundo.co\/index.php?rest_route=\/wp\/v2\/media\/171"}],"wp:attachment":[{"href":"https:\/\/pruebas.avolarporelmundo.co\/index.php?rest_route=%2Fwp%2Fv2%2Fmedia&parent=170"}],"wp:term":[{"taxonomy":"product_brand","embeddable":true,"href":"https:\/\/pruebas.avolarporelmundo.co\/index.php?rest_route=%2Fwp%2Fv2%2Fproduct_brand&post=170"},{"taxonomy":"product_cat","embeddable":true,"href":"https:\/\/pruebas.avolarporelmundo.co\/index.php?rest_route=%2Fwp%2Fv2%2Fproduct_cat&post=170"},{"taxonomy":"product_tag","embeddable":true,"href":"https:\/\/pruebas.avolarporelmundo.co\/index.php?rest_route=%2Fwp%2Fv2%2Fproduct_tag&post=170"}],"curies":[{"name":"wp","href":"https:\/\/api.w.org\/{rel}","templated":true}]}}